{"id":54,"date":"2019-10-29T20:34:44","date_gmt":"2019-10-29T13:34:44","guid":{"rendered":"https:\/\/dogsciencegroup.org\/?page_id=54"},"modified":"2025-03-18T17:24:45","modified_gmt":"2025-03-18T10:24:45","slug":"gioi-thieu","status":"publish","type":"page","link":"https:\/\/www.ckconitsha.com\/vn\/gioi-thieu\/","title":{"rendered":"Gi\u1edbi Thi\u1ec7u"},"content":{"rendered":"<blockquote>\n<p data-start=\"0\" data-end=\"37\"><strong data-start=\"0\" data-end=\"35\">Shining Home &#8211; Gia \u0110\u00ecnh Anh Ng\u1eef<\/strong><\/p>\n<p data-start=\"39\" data-end=\"384\">Shining Home l\u00e0 ng\u00f4i nh\u00e0 chung d\u00e0nh cho nh\u1eefng ai y\u00eau th\u00edch v\u00e0 mong mu\u1ed1n chinh ph\u1ee5c ti\u1ebfng Anh m\u1ed9t c\u00e1ch t\u1ef1 nhi\u00ean, d\u1ec5 d\u00e0ng. V\u1edbi s\u1ee9 m\u1ec7nh mang \u0111\u1ebfn m\u00f4i tr\u01b0\u1eddng h\u1ecdc t\u1eadp th\u00e2n thi\u1ec7n, hi\u1ec7u qu\u1ea3 v\u00e0 truy\u1ec1n c\u1ea3m h\u1ee9ng, ch\u00fang t\u00f4i kh\u00f4ng ch\u1ec9 gi\u00fap h\u1ecdc vi\u00ean n\u00e2ng cao k\u1ef9 n\u0103ng ng\u00f4n ng\u1eef m\u00e0 c\u00f2n ph\u00e1t tri\u1ec3n t\u01b0 duy, s\u1ef1 t\u1ef1 tin v\u00e0 kh\u1ea3 n\u0103ng \u1ee9ng d\u1ee5ng ti\u1ebfng Anh v\u00e0o cu\u1ed9c s\u1ed1ng.<\/p>\n<p data-start=\"386\" data-end=\"667\">T\u1ea1i Shining Home, ch\u00fang t\u00f4i tin r\u1eb1ng m\u1ed7i ng\u01b0\u1eddi \u0111\u1ec1u c\u00f3 th\u1ec3 t\u1ecfa s\u00e1ng theo c\u00e1ch ri\u00eang c\u1ee7a m\u00ecnh. \u0110\u1ed9i ng\u0169 gi\u00e1o vi\u00ean t\u1eadn t\u00e2m, ph\u01b0\u01a1ng ph\u00e1p h\u1ecdc s\u00e1ng t\u1ea1o v\u00e0 kh\u00f4ng gian h\u1ecdc t\u1eadp \u0111\u1ea7y c\u1ea3m h\u1ee9ng s\u1ebd gi\u00fap b\u1ea1n bi\u1ebfn ti\u1ebfng Anh tr\u1edf th\u00e0nh m\u1ed9t ph\u1ea7n kh\u00f4ng th\u1ec3 thi\u1ebfu trong h\u00e0nh tr\u00ecnh ph\u00e1t tri\u1ec3n b\u1ea3n th\u00e2n.<\/p>\n<p data-start=\"669\" data-end=\"746\" data-is-last-node=\"\" data-is-only-node=\"\">H\u00e3y c\u00f9ng Shining Home kh\u00e1m ph\u00e1 v\u00e0 chinh ph\u1ee5c th\u1ebf gi\u1edbi b\u1eb1ng ng\u00f4n ng\u1eef to\u00e0n c\u1ea7u!<\/p>\n<\/blockquote>\n","protected":false},"excerpt":{"rendered":"<p>Shining Home &#8211; Gia \u0110\u00ecnh Anh Ng\u1eef Shining Home l\u00e0 ng\u00f4i nh\u00e0 chung d\u00e0nh cho nh\u1eefng ai y\u00eau th\u00edch v\u00e0 mong mu\u1ed1n chinh ph\u1ee5c ti\u1ebfng Anh m\u1ed9t c\u00e1ch t\u1ef1 nhi\u00ean, d\u1ec5 d\u00e0ng. V\u1edbi s\u1ee9 m\u1ec7nh mang \u0111\u1ebfn m\u00f4i tr\u01b0\u1eddng h\u1ecdc t\u1eadp th\u00e2n thi\u1ec7n, hi\u1ec7u qu\u1ea3 v\u00e0 truy\u1ec1n c\u1ea3m h\u1ee9ng, ch\u00fang t\u00f4i kh\u00f4ng ch\u1ec9 gi\u00fap h\u1ecdc&#8230;<\/p>\n","protected":false},"author":1,"featured_media":0,"parent":0,"menu_order":0,"comment_status":"closed","ping_status":"closed","template":"","meta":{"footnotes":""},"class_list":["post-54","page","type-page","status-publish","hentry"],"_links":{"self":[{"href":"https:\/\/www.ckconitsha.com\/vn\/wp-json\/wp\/v2\/pages\/54","targetHints":{"allow":["GET"]}}],"collection":[{"href":"https:\/\/www.ckconitsha.com\/vn\/wp-json\/wp\/v2\/pages"}],"about":[{"href":"https:\/\/www.ckconitsha.com\/vn\/wp-json\/wp\/v2\/types\/page"}],"author":[{"embeddable":true,"href":"https:\/\/www.ckconitsha.com\/vn\/wp-json\/wp\/v2\/users\/1"}],"replies":[{"embeddable":true,"href":"https:\/\/www.ckconitsha.com\/vn\/wp-json\/wp\/v2\/comments?post=54"}],"version-history":[{"count":6,"href":"https:\/\/www.ckconitsha.com\/vn\/wp-json\/wp\/v2\/pages\/54\/revisions"}],"predecessor-version":[{"id":789,"href":"https:\/\/www.ckconitsha.com\/vn\/wp-json\/wp\/v2\/pages\/54\/revisions\/789"}],"wp:attachment":[{"href":"https:\/\/www.ckconitsha.com\/vn\/wp-json\/wp\/v2\/media?parent=54"}],"curies":[{"name":"wp","href":"https:\/\/api.w.org\/{rel}","templated":true}]}}